{"id":870,"date":"2020-03-13T10:05:52","date_gmt":"2020-03-13T09:05:52","guid":{"rendered":"https:\/\/sbh.sk\/pravidla-cookies\/"},"modified":"2020-03-22T20:18:39","modified_gmt":"2020-03-22T19:18:39","slug":"cookie-policy","status":"publish","type":"page","link":"https:\/\/sbh.sk\/en\/cookie-policy\/","title":{"rendered":"Cookie policy"},"content":{"rendered":"<h2>1. About cookies<\/h2>\n<p>1.1 A cookie is a file containing an identifier (a string of letters and numbers) that is sent from a web server to a web browser and is stored by it. The identifier is then returned to the server each time the browser requests a page from the server.<br \/>\n1.2 Cookies can be either \u201cpersistent\u201d or \u201csession\u201d cookies: a persistent cookie is stored by a browser and remains valid until the set expiry date, unless it is deleted by the user before the expiry date; a session cookie, on the other hand, expires at the end of the user\u2019s session, when the browser is closed.<br \/>\n1.3 Cookies usually do not contain information that personally identifies a user, but the personal information we store about you may be linked to the information stored and obtained by cookies.<\/p>\n<h2>2. What cookies we use<\/h2>\n<p>2.1 We use cookies for the following purposes:<br \/>\nAuthentication \u2013 we use cookies to identify you when you visit our website and as you navigate our website;<br \/>\nAnalysis \u2013 we use cookies to help us analyze the use and performance of our website and services; and<br \/>\n\u201cCookie Consent\u201d \u2013 we use cookies to store your preferences in relation to the use of cookies in general.<\/p>\n<h2>3. Cookies used by our service providers<\/h2>\n<p>3.1 Our service providers use cookies and those cookies may be stored on your computer when you visit our website.<br \/>\n3.2 We use Google Analytics to analyse the use of our website. Google Analytics collects information bout your use of the website using cookies. The information we collect about our website is used to create reports about your use of our website. Google\u2019s privacy policy is available at the following address: <a href=\"https:\/\/www.google.com\/policies\/privacy\" target=\"_blank\" rel=\"noopener noreferrer\">https:\/\/www.google.com\/policies\/privacy<\/a>.<\/p>\n<h2>4. Managing cookies<\/h2>\n<p>4.1 Most browsers allow you to reject cookies and delete them. The methods for doing this vary from browser to browser and from version to version. However, you can use these links to get the latest information on how to block and delete cookies:<br \/>\n<a href=\"https:\/\/support.google.com\/chrome\/answer\/95647?hl=sk\" target=\"_blank\" rel=\"noopener noreferrer\">https:\/\/support.google.com\/chrome\/answer\/95647?hl=sk <\/a>(Chrome);<br \/>\n<a href=\"https:\/\/support.mozilla.org\/sk\/kb\/povolenie-zakazanie-cookies\" target=\"_blank\" rel=\"noopener noreferrer\">https:\/\/support.mozilla.org\/sk\/kb\/povolenie-zakazanie-cookies<\/a> (Firefox);<br \/>\n<a href=\"http:\/\/www.opera.com\/help\/tutorials\/security\/cookies\/\" target=\"_blank\" rel=\"noopener noreferrer\">http:\/\/www.opera.com\/help\/tutorials\/security\/cookies\/<\/a> (Opera);<br \/>\n<a href=\"https:\/\/support.microsoft.com\/sk-sk\/help\/17442\/windows-internet-explorer-delete-manage-cookies\" target=\"_blank\" rel=\"noopener noreferrer\">https:\/\/support.microsoft.com\/sk-sk\/help\/17442\/windows-internet-explorer-delete-manage-cookies<\/a> (Internet Explorer);<br \/>\n<a href=\"https:\/\/support.apple.com\/kb\/PH21411?locale=sk_SK\" target=\"_blank\" rel=\"noopener noreferrer\">https:\/\/support.apple.com\/kb\/PH21411?locale=sk_SK<\/a> (Safari); a<br \/>\n<a href=\"https:\/\/privacy.microsoft.com\/en-us\/windows-10-microsoft-edge-and-privacy\" target=\"_blank\" rel=\"noopener noreferrer\">https:\/\/privacy.microsoft.com\/en-us\/windows-10-microsoft-edge-and-privacy<\/a> (Edge).<br \/>\n4.2 Blocking all cookies will have a negative impact on the usability of many websites.<br \/>\n4.3 If you block cookies, you will not be able to use all the features of our website.<\/p>\n","protected":false},"excerpt":{"rendered":"<p>1. About cookies 1.1 A cookie is a file containing an identifier (a string of letters and numbers) that is sent from a web server to a web browser and is stored by it. The identifier is then returned to the server each time the browser requests a page from the server. 1.2 Cookies can be either \u201cpersistent\u201d or \u201csession\u201d cookies: a persistent cookie is stored by a browser and remains valid until the set expiry date, unless it is deleted by the user before the expiry date; a session cookie, on the other hand, expires at the end of the user\u2019s session, when the browser is closed. 1.3 Cookies usually do not contain information that personally identifies a user, but the personal information we store about you may be linked to the information stored and obtained by cookies. 2. What cookies we use 2.1 We use cookies for the following purposes: Authentication \u2013 we use cookies to identify you when you visit our website and as you navigate our website; Analysis \u2013 we use cookies to help us analyze the use and performance of our website and services; and \u201cCookie Consent\u201d \u2013 we use cookies to store your preferences&#8230;<\/p>\n","protected":false},"author":1,"featured_media":0,"parent":0,"menu_order":0,"comment_status":"closed","ping_status":"closed","template":"","meta":{"_acf_changed":false,"inline_featured_image":false,"footnotes":""},"class_list":["post-870","page","type-page","status-publish","hentry"],"acf":[],"yoast_head":"<!-- This site is optimized with the Yoast SEO plugin v24.2 - https:\/\/yoast.com\/wordpress\/plugins\/seo\/ -->\n<title>Cookie policy - Restaurant Star\u00fd Biskupsk\u00fd Hostinec, Nitra<\/title>\n<meta name=\"description\" content=\"Cookie policy. This website uses cookies to provide services and traffic analysis. By browsing the web, you agree with their use.\" \/>\n<meta name=\"robots\" content=\"index, follow, max-snippet:-1, max-image-preview:large, max-video-preview:-1\" \/>\n<link rel=\"canonical\" href=\"https:\/\/sbh.sk\/en\/cookie-policy\/\" \/>\n<meta property=\"og:locale\" content=\"en_US\" \/>\n<meta property=\"og:type\" content=\"article\" \/>\n<meta property=\"og:title\" content=\"Cookie policy - Restaurant Star\u00fd Biskupsk\u00fd Hostinec, Nitra\" \/>\n<meta property=\"og:description\" content=\"Cookie policy. This website uses cookies to provide services and traffic analysis. By browsing the web, you agree with their use.\" \/>\n<meta property=\"og:url\" content=\"https:\/\/sbh.sk\/en\/cookie-policy\/\" \/>\n<meta property=\"og:site_name\" content=\"Star\u00fd Biskupsk\u00fd Hostinec\" \/>\n<meta property=\"article:modified_time\" content=\"2020-03-22T19:18:39+00:00\" \/>\n<meta name=\"twitter:card\" content=\"summary_large_image\" \/>\n<meta name=\"twitter:label1\" content=\"Est. reading time\" \/>\n\t<meta name=\"twitter:data1\" content=\"2 minutes\" \/>\n<script type=\"application\/ld+json\" class=\"yoast-schema-graph\">{\"@context\":\"https:\/\/schema.org\",\"@graph\":[{\"@type\":\"WebPage\",\"@id\":\"https:\/\/sbh.sk\/en\/cookie-policy\/\",\"url\":\"https:\/\/sbh.sk\/en\/cookie-policy\/\",\"name\":\"Cookie policy - Restaurant Star\u00fd Biskupsk\u00fd Hostinec, Nitra\",\"isPartOf\":{\"@id\":\"https:\/\/sbh.sk\/#website\"},\"datePublished\":\"2020-03-13T09:05:52+00:00\",\"dateModified\":\"2020-03-22T19:18:39+00:00\",\"description\":\"Cookie policy. This website uses cookies to provide services and traffic analysis. By browsing the web, you agree with their use.\",\"breadcrumb\":{\"@id\":\"https:\/\/sbh.sk\/en\/cookie-policy\/#breadcrumb\"},\"inLanguage\":\"en-US\",\"potentialAction\":[{\"@type\":\"ReadAction\",\"target\":[\"https:\/\/sbh.sk\/en\/cookie-policy\/\"]}]},{\"@type\":\"BreadcrumbList\",\"@id\":\"https:\/\/sbh.sk\/en\/cookie-policy\/#breadcrumb\",\"itemListElement\":[{\"@type\":\"ListItem\",\"position\":1,\"name\":\"Home\",\"item\":\"https:\/\/sbh.sk\/en\/\"},{\"@type\":\"ListItem\",\"position\":2,\"name\":\"Cookie policy\"}]},{\"@type\":\"WebSite\",\"@id\":\"https:\/\/sbh.sk\/#website\",\"url\":\"https:\/\/sbh.sk\/\",\"name\":\"Star\u00fd Biskupsk\u00fd Hostinec\",\"description\":\"Hostinec, ktor\u00fd v\u00e1s o\u010dar\u00ed...\",\"publisher\":{\"@id\":\"https:\/\/sbh.sk\/#organization\"},\"potentialAction\":[{\"@type\":\"SearchAction\",\"target\":{\"@type\":\"EntryPoint\",\"urlTemplate\":\"https:\/\/sbh.sk\/?s={search_term_string}\"},\"query-input\":{\"@type\":\"PropertyValueSpecification\",\"valueRequired\":true,\"valueName\":\"search_term_string\"}}],\"inLanguage\":\"en-US\"},{\"@type\":\"Organization\",\"@id\":\"https:\/\/sbh.sk\/#organization\",\"name\":\"Star\u00fd Biskupsk\u00fd Hostinec\",\"url\":\"https:\/\/sbh.sk\/\",\"logo\":{\"@type\":\"ImageObject\",\"inLanguage\":\"en-US\",\"@id\":\"https:\/\/sbh.sk\/#\/schema\/logo\/image\/\",\"url\":\"https:\/\/sbh.sk\/wp-content\/uploads\/2020\/03\/logo.png\",\"contentUrl\":\"https:\/\/sbh.sk\/wp-content\/uploads\/2020\/03\/logo.png\",\"width\":73,\"height\":85,\"caption\":\"Star\u00fd Biskupsk\u00fd Hostinec\"},\"image\":{\"@id\":\"https:\/\/sbh.sk\/#\/schema\/logo\/image\/\"}}]}<\/script>\n<!-- \/ Yoast SEO plugin. -->","yoast_head_json":{"title":"Cookie policy - Restaurant Star\u00fd Biskupsk\u00fd Hostinec, Nitra","description":"Cookie policy. This website uses cookies to provide services and traffic analysis. By browsing the web, you agree with their use.","robots":{"index":"index","follow":"follow","max-snippet":"max-snippet:-1","max-image-preview":"max-image-preview:large","max-video-preview":"max-video-preview:-1"},"canonical":"https:\/\/sbh.sk\/en\/cookie-policy\/","og_locale":"en_US","og_type":"article","og_title":"Cookie policy - Restaurant Star\u00fd Biskupsk\u00fd Hostinec, Nitra","og_description":"Cookie policy. This website uses cookies to provide services and traffic analysis. By browsing the web, you agree with their use.","og_url":"https:\/\/sbh.sk\/en\/cookie-policy\/","og_site_name":"Star\u00fd Biskupsk\u00fd Hostinec","article_modified_time":"2020-03-22T19:18:39+00:00","twitter_card":"summary_large_image","twitter_misc":{"Est. reading time":"2 minutes"},"schema":{"@context":"https:\/\/schema.org","@graph":[{"@type":"WebPage","@id":"https:\/\/sbh.sk\/en\/cookie-policy\/","url":"https:\/\/sbh.sk\/en\/cookie-policy\/","name":"Cookie policy - Restaurant Star\u00fd Biskupsk\u00fd Hostinec, Nitra","isPartOf":{"@id":"https:\/\/sbh.sk\/#website"},"datePublished":"2020-03-13T09:05:52+00:00","dateModified":"2020-03-22T19:18:39+00:00","description":"Cookie policy. This website uses cookies to provide services and traffic analysis. By browsing the web, you agree with their use.","breadcrumb":{"@id":"https:\/\/sbh.sk\/en\/cookie-policy\/#breadcrumb"},"inLanguage":"en-US","potentialAction":[{"@type":"ReadAction","target":["https:\/\/sbh.sk\/en\/cookie-policy\/"]}]},{"@type":"BreadcrumbList","@id":"https:\/\/sbh.sk\/en\/cookie-policy\/#breadcrumb","itemListElement":[{"@type":"ListItem","position":1,"name":"Home","item":"https:\/\/sbh.sk\/en\/"},{"@type":"ListItem","position":2,"name":"Cookie policy"}]},{"@type":"WebSite","@id":"https:\/\/sbh.sk\/#website","url":"https:\/\/sbh.sk\/","name":"Star\u00fd Biskupsk\u00fd Hostinec","description":"Hostinec, ktor\u00fd v\u00e1s o\u010dar\u00ed...","publisher":{"@id":"https:\/\/sbh.sk\/#organization"},"potentialAction":[{"@type":"SearchAction","target":{"@type":"EntryPoint","urlTemplate":"https:\/\/sbh.sk\/?s={search_term_string}"},"query-input":{"@type":"PropertyValueSpecification","valueRequired":true,"valueName":"search_term_string"}}],"inLanguage":"en-US"},{"@type":"Organization","@id":"https:\/\/sbh.sk\/#organization","name":"Star\u00fd Biskupsk\u00fd Hostinec","url":"https:\/\/sbh.sk\/","logo":{"@type":"ImageObject","inLanguage":"en-US","@id":"https:\/\/sbh.sk\/#\/schema\/logo\/image\/","url":"https:\/\/sbh.sk\/wp-content\/uploads\/2020\/03\/logo.png","contentUrl":"https:\/\/sbh.sk\/wp-content\/uploads\/2020\/03\/logo.png","width":73,"height":85,"caption":"Star\u00fd Biskupsk\u00fd Hostinec"},"image":{"@id":"https:\/\/sbh.sk\/#\/schema\/logo\/image\/"}}]}},"_links":{"self":[{"href":"https:\/\/sbh.sk\/en\/wp-json\/wp\/v2\/pages\/870","targetHints":{"allow":["GET"]}}],"collection":[{"href":"https:\/\/sbh.sk\/en\/wp-json\/wp\/v2\/pages"}],"about":[{"href":"https:\/\/sbh.sk\/en\/wp-json\/wp\/v2\/types\/page"}],"author":[{"embeddable":true,"href":"https:\/\/sbh.sk\/en\/wp-json\/wp\/v2\/users\/1"}],"replies":[{"embeddable":true,"href":"https:\/\/sbh.sk\/en\/wp-json\/wp\/v2\/comments?post=870"}],"version-history":[{"count":4,"href":"https:\/\/sbh.sk\/en\/wp-json\/wp\/v2\/pages\/870\/revisions"}],"predecessor-version":[{"id":1006,"href":"https:\/\/sbh.sk\/en\/wp-json\/wp\/v2\/pages\/870\/revisions\/1006"}],"wp:attachment":[{"href":"https:\/\/sbh.sk\/en\/wp-json\/wp\/v2\/media?parent=870"}],"curies":[{"name":"wp","href":"https:\/\/api.w.org\/{rel}","templated":true}]}}